{"id":2036,"date":"2020-05-08T21:27:36","date_gmt":"2020-05-08T21:27:36","guid":{"rendered":"https:\/\/sushimarket.eu\/recrutement\/"},"modified":"2022-02-01T09:27:02","modified_gmt":"2022-02-01T09:27:02","slug":"recrutement","status":"publish","type":"page","link":"https:\/\/sushimarket.eu\/be-fr\/recrutement\/","title":{"rendered":"Rejoignez l&#8217;aventure Sushi Market"},"content":{"rendered":"\n<h3 class=\"wp-block-heading\">Envie d&#8217;une aventure unique? D\u00e9posez votre CV pour rejoindre l&#8217;\u00e9quipe Sushi Market<\/h3>\n\n\n\n<figure class=\"wp-block-image size-large\"><img loading=\"lazy\" decoding=\"async\" width=\"1024\" height=\"768\" src=\"https:\/\/sushimarket.eu\/wp-content\/uploads\/sites\/5\/2020\/05\/recrutement-1024x768.jpg\" alt=\"\" class=\"wp-image-763\" srcset=\"https:\/\/sushimarket.eu\/wp-content\/uploads\/sites\/5\/2020\/05\/recrutement-1024x768.jpg 1024w, https:\/\/sushimarket.eu\/wp-content\/uploads\/sites\/5\/2020\/05\/recrutement-300x225.jpg 300w, https:\/\/sushimarket.eu\/wp-content\/uploads\/sites\/5\/2020\/05\/recrutement-768x576.jpg 768w, https:\/\/sushimarket.eu\/wp-content\/uploads\/sites\/5\/2020\/05\/recrutement-1536x1152.jpg 1536w, https:\/\/sushimarket.eu\/wp-content\/uploads\/sites\/5\/2020\/05\/recrutement-840x630.jpg 840w, https:\/\/sushimarket.eu\/wp-content\/uploads\/sites\/5\/2020\/05\/recrutement-347x260.jpg 347w, https:\/\/sushimarket.eu\/wp-content\/uploads\/sites\/5\/2020\/05\/recrutement-554x416.jpg 554w, https:\/\/sushimarket.eu\/wp-content\/uploads\/sites\/5\/2020\/05\/recrutement-224x168.jpg 224w, https:\/\/sushimarket.eu\/wp-content\/uploads\/sites\/5\/2020\/05\/recrutement-187x140.jpg 187w, https:\/\/sushimarket.eu\/wp-content\/uploads\/sites\/5\/2020\/05\/recrutement.jpg 1920w\" sizes=\"(max-width: 1024px) 100vw, 1024px\" \/><\/figure>\n\n\n\n<p>Avec plus de 50 corners en Belgique et des ouvertures chaque mois, nous recrutons r\u00e9guli\u00e8rement des commis de cuisine, des assistants chefs de cuisine, ou des chefs de cuisine ! D\u00e9posez votre CV directement sur le stand le plus proche de chez vous, ou contactez-nous via le formulaire de contact.<\/p>\n\n\n\n<h4 class=\"wp-block-heading\">Offres disponibles<\/h4>\n\n\n\n<p>Aucune offre disponible pour le moment.<\/p>\n\n\n\n<h4 class=\"wp-block-heading\">Postuler  <\/h4>\n\n\n\n<p>Remplissez les informations de mani\u00e8re d\u00e9taill\u00e9e et n&#8217;oubliez pas de noter la r\u00e9f\u00e9rence du poste \u00e0 pouvoir. Ajoutez votre CV et votre lettre de motivation.<\/p>\n\n\n<div class=\"frm_forms  with_frm_style frm_center_submit frm_style_formidable-style\" id=\"frm_form_5_container\" >\n<form enctype=\"multipart\/form-data\" method=\"post\" class=\"frm-show-form  frm_pro_form \" id=\"form_postuler\" >\n<div class=\"frm_form_fields \">\n<fieldset>\n<legend class=\"frm_screen_reader\">Postuler<\/legend>\r\n\r\n<div class=\"frm_fields_container\">\n<input type=\"hidden\" name=\"frm_action\" value=\"create\" \/>\n<input type=\"hidden\" name=\"form_id\" value=\"5\" \/>\n<input type=\"hidden\" name=\"frm_hide_fields_5\" id=\"frm_hide_fields_5\" value=\"\" \/>\n<input type=\"hidden\" name=\"form_key\" value=\"postuler\" \/>\n<input type=\"hidden\" name=\"item_meta[0]\" value=\"\" \/>\n<input type=\"hidden\" id=\"frm_submit_entry_5\" name=\"frm_submit_entry_5\" value=\"4efbcbef93\" \/><input type=\"hidden\" name=\"_wp_http_referer\" value=\"\/be-fr\/wp-json\/wp\/v2\/pages\/2036\" \/><div id=\"frm_field_25_container\" class=\"frm_form_field form-field  frm_required_field frm_top_container frm_first frm_half\">\r\n    <label for=\"field_qh4icy2\" id=\"field_qh4icy2_label\" class=\"frm_primary_label\">Pr\u00e9nom\r\n        <span class=\"frm_required\">*<\/span>\r\n    <\/label>\r\n    <input  type=\"text\" id=\"field_qh4icy2\" name=\"item_meta[25]\" value=\"\"  data-reqmsg=\"Ce champs ne peut pas \u00eatre vide.\" aria-required=\"true\" data-invmsg=\"Name is invalid\" aria-invalid=\"false\"   \/>\r\n    \r\n    \r\n<\/div>\n<div id=\"frm_field_26_container\" class=\"frm_form_field form-field  frm_required_field frm_hidden_container frm_half\">\r\n    <label for=\"field_ocfup12\" id=\"field_ocfup12_label\" class=\"frm_primary_label\">Nom\r\n        <span class=\"frm_required\">*<\/span>\r\n    <\/label>\r\n    <input  type=\"text\" id=\"field_ocfup12\" name=\"item_meta[26]\" value=\"\"  data-reqmsg=\"Ce champs ne peut pas \u00eatre vide.\" aria-required=\"true\" data-invmsg=\"Last is invalid\" aria-invalid=\"false\"   \/>\r\n    \r\n    \r\n<\/div>\n<div id=\"frm_field_27_container\" class=\"frm_form_field form-field  frm_required_field frm_top_container frm_full\">\r\n    <label for=\"field_29yf4d2\" id=\"field_29yf4d2_label\" class=\"frm_primary_label\">Email\r\n        <span class=\"frm_required\">*<\/span>\r\n    <\/label>\r\n    <input type=\"email\" id=\"field_29yf4d2\" name=\"item_meta[27]\" value=\"\"  data-reqmsg=\"Ce champs ne peut pas \u00eatre vide.\" aria-required=\"true\" data-invmsg=\"Veuillez entrer une adresse \u00e9lectronique valide.\" aria-invalid=\"false\"  \/>\r\n    \r\n    \r\n<\/div>\n<div id=\"frm_field_28_container\" class=\"frm_form_field form-field  frm_required_field frm_top_container frm_full\">\r\n    <label for=\"field_e6lis62\" id=\"field_e6lis62_label\" class=\"frm_primary_label\">R\u00e9f\u00e9rence de l&#8217;emploi (par exemple #Paris001)\r\n        <span class=\"frm_required\">*<\/span>\r\n    <\/label>\r\n    <input  type=\"text\" id=\"field_e6lis62\" name=\"item_meta[28]\" value=\"\"  data-reqmsg=\"Ce champs ne peut pas \u00eatre vide.\" aria-required=\"true\" data-invmsg=\"Subject is invalid\" aria-invalid=\"false\"   \/>\r\n    \r\n    \r\n<\/div>\n<div id=\"frm_field_29_container\" class=\"frm_form_field form-field  frm_required_field frm_top_container frm_full\">\r\n    <label for=\"field_9jv0r12\" id=\"field_9jv0r12_label\" class=\"frm_primary_label\">Votre message\r\n        <span class=\"frm_required\">*<\/span>\r\n    <\/label>\r\n    <textarea name=\"item_meta[29]\" id=\"field_9jv0r12\" rows=\"5\"  data-reqmsg=\"Ce champs ne peut pas \u00eatre vide.\" aria-required=\"true\" data-invmsg=\"Votre message is invalid\" aria-invalid=\"false\"  ><\/textarea>\r\n    \r\n    \r\n<\/div>\n<div id=\"frm_field_30_container\" class=\"frm_form_field form-field is-upload-file  frm_required_field frm_top_container\">\r\n    <div  id=\"field_c7s18_label\" class=\"frm_primary_label\">CV\r\n        <span class=\"frm_required\">*<\/span>\r\n    <\/div>\r\n    <input type=\"hidden\"  data-reqmsg=\"Ce champs ne peut pas \u00eatre vide.\" data-invmsg=\"Le fichier t\u00e9l\u00e9charg\u00e9 n&#039;est pas valide.\" class=\"auto_width\" aria-invalid=\"false\"   name=\"item_meta[30]\"  data-reqmsg=\"Ce champs ne peut pas \u00eatre vide.\"  value=\"\" data-frmfile=\"30\" \/>\n\n<div class=\"frm_dropzone frm_single_upload frm_clearfix\" id=\"file30_dropzone\" role=\"group\" >\n\t<div class=\"fallback\">\n\t\t<input type=\"file\" name=\"file30\" id=\"field_c7s18\"\n\t\t\t data-reqmsg=\"Ce champs ne peut pas \u00eatre vide.\" data-invmsg=\"Le fichier t\u00e9l\u00e9charg\u00e9 n&#039;est pas valide.\" class=\"auto_width\" aria-invalid=\"false\"  \t\t\t\/>\n\t\t\t\t<div class=\"frm_clearfix \"><\/div>\n\t<\/div>\n\t<div class=\"dz-message needsclick\">\n\t\t\t\t<svg  viewBox=\"0 0 18 18\" class=\"frmsvg frm-svg-icon\">\n\t<path viewBox=\"0 0 18 18\" fill-rule=\"evenodd\" clip-rule=\"evenodd\" d=\"M8.2 4v8a.8.8 0 001.5 0V4l2.1 2.2A.7.7 0 1013 5L9.5 1.7a.7.7 0 00-1.1 0L5.1 5.2a.8.8 0 001 1l2.1-2zm7.6 4.3c.4 0 .7.3.7.7v6.8c0 .4-.3.7-.8.7H2.3a.8.8 0 01-.8-.8V9A.8.8 0 013 9v6h12V9c0-.4.3-.8.8-.8z\"><\/path>\n<\/svg>\t\t<span class=\"frm_upload_text\"><button type=\"button\" aria-label=\"CV. . Maximum file size: 2MB\"><\/button><\/span>\n\t\t<span class=\"frm_compact_text\"><button type=\"button\" aria-label=\"CV. . Maximum file size: 2MB\"><\/button><\/span>\n\t\t<div class=\"frm_small_text\">\n\t\t\t<p>Maximum file size: 2MB<\/p>\n\t\t<\/div>\n\t<\/div>\n<\/div>\n\t\r\n    \r\n    \r\n<\/div>\n<div id=\"frm_field_31_container\" class=\"frm_form_field form-field is-upload-file  frm_top_container\">\r\n    <div  id=\"field_sdsyw_label\" class=\"frm_primary_label\">Lettre de motivation (optionnel)\r\n        <span class=\"frm_required\"><\/span>\r\n    <\/div>\r\n    <input type=\"hidden\"  data-invmsg=\"Le fichier t\u00e9l\u00e9charg\u00e9 n&#039;est pas valide.\" class=\"auto_width\" aria-invalid=\"false\"   name=\"item_meta[31]\"  value=\"\" data-frmfile=\"31\" \/>\n\n<div class=\"frm_dropzone frm_single_upload frm_clearfix\" id=\"file31_dropzone\" role=\"group\" >\n\t<div class=\"fallback\">\n\t\t<input type=\"file\" name=\"file31\" id=\"field_sdsyw\"\n\t\t\t data-invmsg=\"Le fichier t\u00e9l\u00e9charg\u00e9 n&#039;est pas valide.\" class=\"auto_width\" aria-invalid=\"false\"  \t\t\t\/>\n\t\t\t\t<div class=\"frm_clearfix \"><\/div>\n\t<\/div>\n\t<div class=\"dz-message needsclick\">\n\t\t\t\t<svg  viewBox=\"0 0 18 18\" class=\"frmsvg frm-svg-icon\">\n\t<path viewBox=\"0 0 18 18\" fill-rule=\"evenodd\" clip-rule=\"evenodd\" d=\"M8.2 4v8a.8.8 0 001.5 0V4l2.1 2.2A.7.7 0 1013 5L9.5 1.7a.7.7 0 00-1.1 0L5.1 5.2a.8.8 0 001 1l2.1-2zm7.6 4.3c.4 0 .7.3.7.7v6.8c0 .4-.3.7-.8.7H2.3a.8.8 0 01-.8-.8V9A.8.8 0 013 9v6h12V9c0-.4.3-.8.8-.8z\"><\/path>\n<\/svg>\t\t<span class=\"frm_upload_text\"><button type=\"button\" aria-label=\"Lettre de motivation (optionnel). . Maximum file size: 2MB\"><\/button><\/span>\n\t\t<span class=\"frm_compact_text\"><button type=\"button\" aria-label=\"Lettre de motivation (optionnel). . Maximum file size: 2MB\"><\/button><\/span>\n\t\t<div class=\"frm_small_text\">\n\t\t\t<p>Maximum file size: 2MB<\/p>\n\t\t<\/div>\n\t<\/div>\n<\/div>\n\t\r\n    \r\n    \r\n<\/div>\n<input type=\"hidden\" name=\"item_meta[34]\" id=\"field_8zhlx\" value=\"\"     \/>\n<div id=\"frm_field_37_container\" class=\"frm_form_field form-field  frm_hidden_container\">\r\n    <label for=\"g-recaptcha-response\" id=\"field_j4ppu_label\" class=\"frm_primary_label\">\r\n        <span class=\"frm_required\"><\/span>\r\n    <\/label>\r\n    <div  id=\"field_j4ppu\" class=\"g-recaptcha\" data-sitekey=\"6Ld8sbspAAAAAMAd7bWeE6UCyW8s_habncKxCuiP\" data-size=\"invisible\" data-theme=\"light\" data-callback=\"frmAfterRecaptcha\"><\/div>\r\n    \r\n    \r\n<\/div>\n\t<input type=\"hidden\" name=\"item_key\" value=\"\" \/>\n\t\t\t<div id=\"frm_field_63_container\">\n\t\t\t<label for=\"field_jhseu\"  style=\"display:none;\">\n\t\t\t\tIf you are human, leave this field blank.\t\t\t<\/label>\n\t\t\t<input  id=\"field_jhseu\" type=\"text\" class=\"frm_form_field form-field frm_verify\" name=\"item_meta[63]\" value=\"\"  style=\"display:none;\" \/>\n\t\t<\/div>\n\t\t<input name=\"frm_state\" type=\"hidden\" value=\"WEum7ZdMxhF2d2EEpo0nfTax1wV6H59BWmT2bX6PVBuZswR8unGdYmfgEe7jioEd\" \/><div class=\"frm_submit\">\r\n\r\n<button class=\"frm_button_submit frm_final_submit c-button\" type=\"submit\"   formnovalidate=\"formnovalidate\">Postuler<\/button>\r\n\r\n<\/div><\/div>\n<\/fieldset>\n<\/div>\n\n<\/form>\n<\/div>\n","protected":false},"excerpt":{"rendered":"<p>Envie d&#8217;une aventure unique? D\u00e9posez votre CV pour rejoindre l&#8217;\u00e9quipe Sushi Market Avec plus de 50 corners en Belgique et des ouvertures chaque mois, nous recrutons r\u00e9guli\u00e8rement des commis de cuisine, des assistants chefs de cuisine, ou des chefs de cuisine ! D\u00e9posez votre CV directement sur le stand le plus proche de chez vous, [&hellip;]<\/p>\n","protected":false},"author":1,"featured_media":0,"parent":0,"menu_order":0,"comment_status":"closed","ping_status":"closed","template":"","meta":{"_acf_changed":false,"footnotes":""},"class_list":["post-2036","page","type-page","status-publish","hentry"],"acf":[],"yoast_head":"<!-- This site is optimized with the Yoast SEO plugin v22.1 - https:\/\/yoast.com\/wordpress\/plugins\/seo\/ -->\n<title>Rejoignez l&#039;aventure Sushi Market - Sushi Market<\/title>\n<meta name=\"robots\" content=\"index, follow, max-snippet:-1, max-image-preview:large, max-video-preview:-1\" \/>\n<link rel=\"canonical\" href=\"https:\/\/sushimarket.eu\/be-fr\/recrutement\/\" \/>\n<meta property=\"og:locale\" content=\"en_US\" \/>\n<meta property=\"og:type\" content=\"article\" \/>\n<meta property=\"og:title\" content=\"Rejoignez l&#039;aventure Sushi Market - Sushi Market\" \/>\n<meta property=\"og:description\" content=\"Envie d&#8217;une aventure unique? D\u00e9posez votre CV pour rejoindre l&#8217;\u00e9quipe Sushi Market Avec plus de 50 corners en Belgique et des ouvertures chaque mois, nous recrutons r\u00e9guli\u00e8rement des commis de cuisine, des assistants chefs de cuisine, ou des chefs de cuisine ! D\u00e9posez votre CV directement sur le stand le plus proche de chez vous, [&hellip;]\" \/>\n<meta property=\"og:url\" content=\"https:\/\/sushimarket.eu\/be-fr\/recrutement\/\" \/>\n<meta property=\"og:site_name\" content=\"Sushi Market\" \/>\n<meta property=\"article:modified_time\" content=\"2022-02-01T09:27:02+00:00\" \/>\n<meta property=\"og:image\" content=\"https:\/\/sushimarket.eu\/wp-content\/uploads\/sites\/5\/2020\/05\/recrutement-1024x768.jpg\" \/>\n<meta name=\"twitter:card\" content=\"summary_large_image\" \/>\n<meta name=\"twitter:label1\" content=\"Est. reading time\" \/>\n\t<meta name=\"twitter:data1\" content=\"1 minute\" \/>\n<script type=\"application\/ld+json\" class=\"yoast-schema-graph\">{\"@context\":\"https:\/\/schema.org\",\"@graph\":[{\"@type\":\"WebPage\",\"@id\":\"https:\/\/sushimarket.eu\/be-fr\/recrutement\/\",\"url\":\"https:\/\/sushimarket.eu\/be-fr\/recrutement\/\",\"name\":\"Rejoignez l'aventure Sushi Market - Sushi Market\",\"isPartOf\":{\"@id\":\"https:\/\/sushimarket.eu\/#website\"},\"datePublished\":\"2020-05-08T21:27:36+00:00\",\"dateModified\":\"2022-02-01T09:27:02+00:00\",\"breadcrumb\":{\"@id\":\"https:\/\/sushimarket.eu\/be-fr\/recrutement\/#breadcrumb\"},\"inLanguage\":\"be-FR\",\"potentialAction\":[{\"@type\":\"ReadAction\",\"target\":[\"https:\/\/sushimarket.eu\/be-fr\/recrutement\/\"]}]},{\"@type\":\"BreadcrumbList\",\"@id\":\"https:\/\/sushimarket.eu\/be-fr\/recrutement\/#breadcrumb\",\"itemListElement\":[{\"@type\":\"ListItem\",\"position\":1,\"name\":\"Accueil\",\"item\":\"https:\/\/sushimarket.eu\/be-fr\/\"},{\"@type\":\"ListItem\",\"position\":2,\"name\":\"Rejoignez l&#8217;aventure Sushi Market\"}]},{\"@type\":\"WebSite\",\"@id\":\"https:\/\/sushimarket.eu\/#website\",\"url\":\"https:\/\/sushimarket.eu\/\",\"name\":\"Sushi Market\",\"description\":\"Sushi Market\",\"potentialAction\":[{\"@type\":\"SearchAction\",\"target\":{\"@type\":\"EntryPoint\",\"urlTemplate\":\"https:\/\/sushimarket.eu\/?s={search_term_string}\"},\"query-input\":\"required name=search_term_string\"}],\"inLanguage\":\"be-FR\"}]}<\/script>\n<!-- \/ Yoast SEO plugin. -->","yoast_head_json":{"title":"Rejoignez l'aventure Sushi Market - Sushi Market","robots":{"index":"index","follow":"follow","max-snippet":"max-snippet:-1","max-image-preview":"max-image-preview:large","max-video-preview":"max-video-preview:-1"},"canonical":"https:\/\/sushimarket.eu\/be-fr\/recrutement\/","og_locale":"en_US","og_type":"article","og_title":"Rejoignez l'aventure Sushi Market - Sushi Market","og_description":"Envie d&#8217;une aventure unique? D\u00e9posez votre CV pour rejoindre l&#8217;\u00e9quipe Sushi Market Avec plus de 50 corners en Belgique et des ouvertures chaque mois, nous recrutons r\u00e9guli\u00e8rement des commis de cuisine, des assistants chefs de cuisine, ou des chefs de cuisine ! D\u00e9posez votre CV directement sur le stand le plus proche de chez vous, [&hellip;]","og_url":"https:\/\/sushimarket.eu\/be-fr\/recrutement\/","og_site_name":"Sushi Market","article_modified_time":"2022-02-01T09:27:02+00:00","og_image":[{"url":"https:\/\/sushimarket.eu\/wp-content\/uploads\/sites\/5\/2020\/05\/recrutement-1024x768.jpg"}],"twitter_card":"summary_large_image","twitter_misc":{"Est. reading time":"1 minute"},"schema":{"@context":"https:\/\/schema.org","@graph":[{"@type":"WebPage","@id":"https:\/\/sushimarket.eu\/be-fr\/recrutement\/","url":"https:\/\/sushimarket.eu\/be-fr\/recrutement\/","name":"Rejoignez l'aventure Sushi Market - Sushi Market","isPartOf":{"@id":"https:\/\/sushimarket.eu\/#website"},"datePublished":"2020-05-08T21:27:36+00:00","dateModified":"2022-02-01T09:27:02+00:00","breadcrumb":{"@id":"https:\/\/sushimarket.eu\/be-fr\/recrutement\/#breadcrumb"},"inLanguage":"be-FR","potentialAction":[{"@type":"ReadAction","target":["https:\/\/sushimarket.eu\/be-fr\/recrutement\/"]}]},{"@type":"BreadcrumbList","@id":"https:\/\/sushimarket.eu\/be-fr\/recrutement\/#breadcrumb","itemListElement":[{"@type":"ListItem","position":1,"name":"Accueil","item":"https:\/\/sushimarket.eu\/be-fr\/"},{"@type":"ListItem","position":2,"name":"Rejoignez l&#8217;aventure Sushi Market"}]},{"@type":"WebSite","@id":"https:\/\/sushimarket.eu\/#website","url":"https:\/\/sushimarket.eu\/","name":"Sushi Market","description":"Sushi Market","potentialAction":[{"@type":"SearchAction","target":{"@type":"EntryPoint","urlTemplate":"https:\/\/sushimarket.eu\/?s={search_term_string}"},"query-input":"required name=search_term_string"}],"inLanguage":"be-FR"}]}},"_links":{"self":[{"href":"https:\/\/sushimarket.eu\/be-fr\/wp-json\/wp\/v2\/pages\/2036"}],"collection":[{"href":"https:\/\/sushimarket.eu\/be-fr\/wp-json\/wp\/v2\/pages"}],"about":[{"href":"https:\/\/sushimarket.eu\/be-fr\/wp-json\/wp\/v2\/types\/page"}],"author":[{"embeddable":true,"href":"https:\/\/sushimarket.eu\/be-fr\/wp-json\/wp\/v2\/users\/1"}],"replies":[{"embeddable":true,"href":"https:\/\/sushimarket.eu\/be-fr\/wp-json\/wp\/v2\/comments?post=2036"}],"version-history":[{"count":2,"href":"https:\/\/sushimarket.eu\/be-fr\/wp-json\/wp\/v2\/pages\/2036\/revisions"}],"predecessor-version":[{"id":5473,"href":"https:\/\/sushimarket.eu\/be-fr\/wp-json\/wp\/v2\/pages\/2036\/revisions\/5473"}],"wp:attachment":[{"href":"https:\/\/sushimarket.eu\/be-fr\/wp-json\/wp\/v2\/media?parent=2036"}],"curies":[{"name":"wp","href":"https:\/\/api.w.org\/{rel}","templated":true}]}}